{"id":16,"date":"2024-11-01T12:55:10","date_gmt":"2024-11-01T09:55:10","guid":{"rendered":"https:\/\/service-c-m.com\/?page_id=14"},"modified":"2025-10-02T00:29:21","modified_gmt":"2025-10-01T21:29:21","slug":"contact","status":"publish","type":"page","link":"https:\/\/service-c-m.com\/pt\/contact\/","title":{"rendered":"Contactos"},"content":{"rendered":"<section class=\"l-section wpb_row height_medium color_custom\" style=\"background-color: #e6f5e6;\"><div class=\"l-section-h g-html i-cf\"><div class=\"g-cols offset_small\"><div class=\" one-half\"><div class=\"g-cols wpb_row offset_small vc_inner \"><div class=\" full-width vc_hidden-lg vc_hidden-md\">\n\t\t\t<div class=\"ult_dual_button ult-adjust-bottom-margin to-center  \"  data-response=\"on\" id=\"ult_btn_1796908240\">\n\n\t\t\t<div id=\"dualbtn-3244\" class=\"ulitmate_dual_buttons ult-dual-btn ult_main_dualbtn \" data-bcolor=\"#333333\"data-bhcolor=\"\">\n\n\t\t\t<div class=\"ult_dualbutton-wrapper btn-inline place-template bt1 \"><a href = \"http:\/\/t.me\/+351929379203\" target='_blank' class=\"ult_ivan_button   round-square  with-icon icon-after with-text place-template ult_dual1\" style=\" ;margin-right:px;;background-color:#0977e5 !important;; border-color:#333333;border-style:;border-width:0px;border-radius:10px;width:250px;;\">\n\t\t\t<span class=\"ult-dual-btn-1 Style 1\" style=\"\"  data-bgcolor=\"#0977e5\" data-bghovercolor=\"#0038d3\" data-icon_color=\"#ffffff\" data-icon_hover_color=\"#ffffff\" data-textcolor=\"#ffffff\" data-texthovercolor=\"#ffffff\" data-iconbgcolor=\"transperent\" data-iconbghovercolor=\"transperent\" data-iconborder=\"transperent\" data-iconhoverborder=\"transperent\" >\n\n\t\t\t<span class=\"text-btn ult-dual-button-title title_left \"  style=\"font-weight:normal;color:#ffffff;\">Telegram<\/span>\n\t\t\t<span class=\"icon-simple icon-right1 ult_btn1span \"  style=\"; \">\n<span class=\"aio-icon btn1icon none \"  style=\"color:#ffffff;font-size:24px;display:inline-block;\">\n\t<i class=\"Defaults-paper-plane send\" ><\/i>\n<\/span><\/span\n\t\t\t<\/span>\n\t\t\t<\/a><span class=\"middle-text\" style=\"line-height: 1.8em;color:#515151;background-color:#ffffff;border-color:#ffffff;border-width:1px;border-style:solid;border-radius:500px;\">\n\t\t\t<span class=\"middle-inner\"  >or<\/span>\n\t\t\t<\/span>\n\n\t\t\t<\/div>\n\n\t\t\t<div class=\"ult_dualbutton-wrapper btn-inline place-template btn2 \"><a href = \"https:\/\/wa.me\/351929379203\" target='_blank' class=\"ult_ivan_button   round-square  with-icon icon-after with-text place-template ult_dual2\"  style=\";background-color:#009600 !important;;margin-left:px;;border-color:#333333;border-style:;border-width:0px;border-radius:10px;width:250px;\">\n\t\t\t<span class=\"ult-dual-btn-2 Style 1\"  data-bgcolor=\"#009600\" data-bghovercolor=\"#30d100\" data-icon_color=\"#ffffff\" data-icon_hover_color=\"#ffffff\" data-textcolor=\"#ffffff\" data-texthovercolor=\"#ffffff\" data-iconbgcolor=\"transperent\" data-iconbghovercolor=\"transperent\" data-iconborder=\"transperent\" data-iconhoverborder=\"transperent\" >\n\t\t\t<span class=\"text-btn ult-dual-button-title\" style=\"font-weight:normal;color:#ffffff;\">Whatsapp<\/span>\n\n\t\t\t<span class=\"icon-simple icon-right2 ult_btn1span \"  style=\"; \">\n<span class=\"aio-icon btn1icon none \"  style=\"color:#ffffff;font-size:24px;display:inline-block;\">\n\t<i class=\"Defaults-whatsapp\" ><\/i>\n<\/span><\/span>\n\t\t\t<\/span>\n\t\t\t<\/a><\/div>\n\t\t\t<\/div>\n\t\t\t<\/div><\/div><\/div><div class=\"wpb_text_column \"><div class=\"wpb_wrapper\"><span style=\"font-size: 36px; color: #111d15;\"><strong>Envie a sua solicita\u00e7\u00e3o<\/strong><\/span><\/p>\n<p><span style=\"font-size: 16px; color: #666666;\">Preencha o formul\u00e1rio e entraremos em contacto consigo o mais breve poss\u00edvel para esclarecer os detalhes e confirmar o seu pedido.<br \/>\nComunicamos em quatro l\u00ednguas: ucraniano, russo, ingl\u00eas e portugu\u00eas.<\/span><\/div> <\/div> <div class=\"ult-spacer spacer-69e7d292f2b7b\" data-id=\"69e7d292f2b7b\" data-height=\"40\" data-height-mobile=\"20\" data-height-tab=\"\" data-height-tab-portrait=\"\" data-height-mobile-landscape=\"\" style=\"clear:both;display:block;\"><\/div><div class=\"w-form for_cform align_left\" id=\"us_form_1\">\r\n\t<form class=\"w-form-h\" autocomplete=\"off\" action=\"https:\/\/service-c-m.com\/pt\/pt\/wp-json\/wp\/v2\/pages\/16\" method=\"post\">\r\n\t\t\t\t\t\t\t<div class=\"w-form-row for_name required\">\r\n\t<div class=\"w-form-row-label\">\r\n\t\t<label for=\"us_form_1_name\"><\/label>\r\n\t<\/div>\r\n\t<div class=\"w-form-row-field\">\r\n\t\t\t\t<input type=\"text\" name=\"name\" id=\"us_form_1_name\" value=\"\"\r\n\t\t       placeholder=\"\u0418\u043c\u044f *\" data-required=\"true\" aria-required=\"true\"\/>\r\n\t\t<span class=\"w-form-row-field-bar\"><\/span>\r\n\t\t\t<\/div>\r\n\t<div class=\"w-form-row-state\"><\/div>\r\n\t<\/div>\r\n\t\t\t\t\t<div class=\"w-form-row for_email\">\r\n\t<div class=\"w-form-row-label\">\r\n\t\t<label for=\"us_form_1_email\"><\/label>\r\n\t<\/div>\r\n\t<div class=\"w-form-row-field\">\r\n\t\t\t\t<input type=\"email\" name=\"email\" id=\"us_form_1_email\" value=\"\"\r\n\t\t       placeholder=\"Email\"\/>\r\n\t\t<span class=\"w-form-row-field-bar\"><\/span>\r\n\t\t\t<\/div>\r\n\t<div class=\"w-form-row-state\"><\/div>\r\n\t<\/div>\r\n\t\t\t\t\t<div class=\"w-form-row for_phone required\">\r\n\t<div class=\"w-form-row-label\">\r\n\t\t<label for=\"us_form_1_phone\"><\/label>\r\n\t<\/div>\r\n\t<div class=\"w-form-row-field\">\r\n\t\t\t\t<input type=\"text\" name=\"phone\" id=\"us_form_1_phone\" value=\"\"\r\n\t\t       placeholder=\"\u041d\u043e\u043c\u0435\u0440 \u0442\u0435\u043b\u0435\u0444\u043e\u043d\u0430 *\" data-required=\"true\" aria-required=\"true\"\/>\r\n\t\t<span class=\"w-form-row-field-bar\"><\/span>\r\n\t\t\t<\/div>\r\n\t<div class=\"w-form-row-state\"><\/div>\r\n\t<\/div>\r\n\t\t\t\t\t<div class=\"w-form-row for_message\">\r\n\t<div class=\"w-form-row-label\">\r\n\t\t<label for=\"us_form_1_message\"><\/label>\r\n\t<\/div>\r\n\t<div class=\"w-form-row-field\">\r\n\t\t\t\t<textarea name=\"message\" id=\"us_form_1_message\" cols=\"30\" rows=\"10\" placeholder=\"\u0422\u0435\u043a\u0441\u0442 \u0441\u043e\u043e\u0431\u0449\u0435\u043d\u0438\u044f\"\r\n\t\t\t><\/textarea>\r\n\t\t<span class=\"w-form-row-field-bar\"><\/span>\r\n\t\t\t<\/div>\r\n\t<div class=\"w-form-row-state\"><\/div>\r\n\t<\/div>\r\n\t\t\t\t\t<input type=\"hidden\" name=\"action\" value=\"us_ajax_cform\"\/>\r\n\t\t\t\t\t<input type=\"hidden\" name=\"post_id\" value=\"16\"\/>\r\n\t\t\t\t\t<input type=\"hidden\" name=\"form_index\" value=\"1\"\/>\r\n\t\t\t\t\t<div class=\"w-form-row for_submit\">\r\n\t<div class=\"w-form-row-field\">\r\n\t\t<button class=\"w-btn size_medium color_primary style_solid\" type=\"submit\"><span class=\"g-preloader type_1\"><\/span><span class=\"w-btn-label\">enviar mensagem<\/span><\/button>\r\n\t<\/div>\r\n<\/div>\r\n\t\t\t\t<div class=\"w-form-message\"><\/div>\r\n\t\t\t<\/form>\r\n\t\t\t<div class=\"w-form-json hidden\" onclick='return {\"ajaxurl\":\"https:\\\/\\\/service-c-m.com\\\/pt\\\/wp-admin\\\/admin-ajax.php\",\"success\":\"\\u0421\\u043f\\u0430\\u0441\\u0438\\u0431\\u043e! \\u0412\\u0430\\u0448\\u0435 \\u0441\\u043e\\u043e\\u0431\\u0449\\u0435\\u043d\\u0438\\u0435 \\u043e\\u0442\\u043f\\u0440\\u0430\\u0432\\u043b\\u0435\\u043d\\u043e.\",\"errors\":{\"name\":\"\\u041f\\u043e\\u0436\\u0430\\u043b\\u0443\\u0439\\u0441\\u0442\\u0430, \\u0432\\u0432\\u0435\\u0434\\u0438\\u0442\\u0435 \\u0432\\u0430\\u0448\\u0435 \\u0438\\u043c\\u044f\",\"email\":\"\\u041f\\u043e\\u0436\\u0430\\u043b\\u0443\\u0439\\u0441\\u0442\\u0430, \\u0432\\u0432\\u0435\\u0434\\u0438\\u0442\\u0435 \\u0432\\u0430\\u0448 email\",\"phone\":\"\\u041f\\u043e\\u0436\\u0430\\u043b\\u0443\\u0439\\u0441\\u0442\\u0430, \\u0432\\u0432\\u0435\\u0434\\u0438\\u0442\\u0435 \\u0432\\u0430\\u0448 \\u043d\\u043e\\u043c\\u0435\\u0440 \\u0442\\u0435\\u043b\\u0435\\u0444\\u043e\\u043d\\u0430\",\"message\":\"\\u041f\\u043e\\u0436\\u0430\\u043b\\u0443\\u0439\\u0441\\u0442\\u0430, \\u0432\\u0432\\u0435\\u0434\\u0438\\u0442\\u0435 \\u0442\\u0435\\u043a\\u0441\\u0442 \\u0441\\u043e\\u043e\\u0431\\u0449\\u0435\\u043d\\u0438\\u044f\"}}'><\/div>\r\n\t<\/div>\r\n<\/div><div class=\" one-half\"><div class=\"wpb_text_column \"><div class=\"wpb_wrapper\"><span style=\"font-size: 24pt; color: #000000;\"><strong>Encontre-nos<\/strong><\/span><\/div> <\/div> <div class=\"ult-spacer spacer-69e7d2930018c\" data-id=\"69e7d2930018c\" data-height=\"10\" data-height-mobile=\"20\" data-height-tab=\"\" data-height-tab-portrait=\"\" data-height-mobile-landscape=\"\" style=\"clear:both;display:block;\"><\/div><div class=\"g-cols wpb_row offset_small vc_inner  vc_custom_1730472333306\"><div class=\" full-width  vc_custom_1730472428831\"><div class=\"ult-spacer spacer-69e7d29300554\" data-id=\"69e7d29300554\" data-height=\"30\" data-height-mobile=\"30\" data-height-tab=\"\" data-height-tab-portrait=\"\" data-height-mobile-landscape=\"\" style=\"clear:both;display:block;\"><\/div><div class=\"aio-icon-component   style_1\"><div id=\"Info-box-wrap-8507\" class=\"aio-icon-box left-icon\" style=\"\"  ><div class=\"aio-icon-left\"><div class=\"ult-just-icon-wrapper \"><div class=\"align-icon\" style=\"text-align:center;\">\n<div class=\"aio-icon-img \" style=\"font-size:24px;background:#009600;border-style:solid;border-color:#009600;border-width:2px;padding:22px;border-radius:500px;display:inline-block;\" data-animation=\"pulse\" data-animation-delay=\"03\">\n\t<img decoding=\"async\" class=\"img-icon\" alt=\"\" src=\"https:\/\/service-c-m.com\/wp-content\/uploads\/2024\/11\/Vector-2.png\"\/>\n<\/div><\/div><\/div><\/div><div class=\"aio-ibd-block\"><div class=\"aio-icon-header\" ><h3 class=\"aio-icon-title ult-responsive\"  data-ultimate-target='#Info-box-wrap-8507 .aio-icon-title'  data-responsive-json-new='{\"font-size\":\"desktop:26px;mobile:26px;\",\"line-height\":\"desktop:26px;mobile:18px;\"}'  style=\"font-weight:bold;color:#111d15;\">Ligue para n\u00f3s<\/h3><\/div> <!-- header --><div class=\"aio-icon-description ult-responsive\"  data-ultimate-target='#Info-box-wrap-8507 .aio-icon-description'  data-responsive-json-new='{\"font-size\":\"desktop:20px;mobile:16px;\",\"line-height\":\"desktop:20px;mobile:18px;\"}'  style=\"color:#666666;\"><span style=\"color: #666666;\"><a style=\"color: #666666;\" href=\"tel:+351929379203\">+351929379203<\/a><\/span><\/div> <!-- description --><\/div> <!-- aio-ibd-block --><\/div> <!-- aio-icon-box --><\/div> <!-- aio-icon-component --><\/div><\/div><div class=\"ult-spacer spacer-69e7d29300a20\" data-id=\"69e7d29300a20\" data-height=\"6\" data-height-mobile=\"20\" data-height-tab=\"\" data-height-tab-portrait=\"\" data-height-mobile-landscape=\"\" style=\"clear:both;display:block;\"><\/div><div class=\"g-cols wpb_row offset_small vc_inner  vc_custom_1730472345088\"><div class=\" full-width  vc_custom_1730472416129\"><div class=\"ult-spacer spacer-69e7d29300d17\" data-id=\"69e7d29300d17\" data-height=\"30\" data-height-mobile=\"30\" data-height-tab=\"\" data-height-tab-portrait=\"\" data-height-mobile-landscape=\"\" style=\"clear:both;display:block;\"><\/div><div class=\"aio-icon-component   style_1\"><div id=\"Info-box-wrap-4827\" class=\"aio-icon-box left-icon\" style=\"\"  ><div class=\"aio-icon-left\"><div class=\"ult-just-icon-wrapper \"><div class=\"align-icon\" style=\"text-align:center;\">\n<div class=\"aio-icon-img \" style=\"font-size:24px;background:#009600;border-style:solid;border-color:#009600;border-width:2px;padding:22px;border-radius:500px;display:inline-block;\" data-animation=\"pulse\" data-animation-delay=\"03\">\n\t<img decoding=\"async\" class=\"img-icon\" alt=\"\" src=\"https:\/\/service-c-m.com\/wp-content\/uploads\/2024\/11\/Email-icon-2.png\"\/>\n<\/div><\/div><\/div><\/div><div class=\"aio-ibd-block\"><div class=\"aio-icon-header\" ><h3 class=\"aio-icon-title ult-responsive\"  data-ultimate-target='#Info-box-wrap-4827 .aio-icon-title'  data-responsive-json-new='{\"font-size\":\"desktop:26px;mobile:26px;\",\"line-height\":\"desktop:26px;mobile:18px;\"}'  style=\"font-weight:bold;color:#111d15;\">Email<\/h3><\/div> <!-- header --><div class=\"aio-icon-description ult-responsive\"  data-ultimate-target='#Info-box-wrap-4827 .aio-icon-description'  data-responsive-json-new='{\"font-size\":\"desktop:20px;mobile:16px;\",\"line-height\":\"desktop:20px;mobile:18px;\"}'  style=\"color:#666666;\">info@service-c-m.com<\/div> <!-- description --><\/div> <!-- aio-ibd-block --><\/div> <!-- aio-icon-box --><\/div> <!-- aio-icon-component --><\/div><\/div><div class=\"ult-spacer spacer-69e7d29300ffd\" data-id=\"69e7d29300ffd\" data-height=\"6\" data-height-mobile=\"20\" data-height-tab=\"\" data-height-tab-portrait=\"\" data-height-mobile-landscape=\"\" style=\"clear:both;display:block;\"><\/div><div class=\"g-cols wpb_row offset_small vc_inner  vc_custom_1730472361500\"><div class=\" full-width  vc_custom_1730472405142\"><div class=\"ult-spacer spacer-69e7d29301303\" data-id=\"69e7d29301303\" data-height=\"30\" data-height-mobile=\"30\" data-height-tab=\"\" data-height-tab-portrait=\"\" data-height-mobile-landscape=\"\" style=\"clear:both;display:block;\"><\/div><div class=\"aio-icon-component   style_1\"><div id=\"Info-box-wrap-8044\" class=\"aio-icon-box left-icon\" style=\"\"  ><div class=\"aio-icon-left\"><div class=\"ult-just-icon-wrapper \"><div class=\"align-icon\" style=\"text-align:center;\">\n<div class=\"aio-icon-img \" style=\"font-size:24px;background:#009600;border-style:solid;border-color:#009600;border-width:2px;padding:22px;border-radius:500px;display:inline-block;\" data-animation=\"pulse\" data-animation-delay=\"03\">\n\t<img decoding=\"async\" class=\"img-icon\" alt=\"\" src=\"https:\/\/service-c-m.com\/wp-content\/uploads\/2024\/11\/Address-icon-1.png\"\/>\n<\/div><\/div><\/div><\/div><div class=\"aio-ibd-block\"><div class=\"aio-icon-header\" ><h3 class=\"aio-icon-title ult-responsive\"  data-ultimate-target='#Info-box-wrap-8044 .aio-icon-title'  data-responsive-json-new='{\"font-size\":\"desktop:26px;mobile:26px;\",\"line-height\":\"desktop:26px;mobile:18px;\"}'  style=\"font-weight:bold;color:#111d15;\">Endere\u00e7o<\/h3><\/div> <!-- header --><div class=\"aio-icon-description ult-responsive\"  data-ultimate-target='#Info-box-wrap-8044 .aio-icon-description'  data-responsive-json-new='{\"font-size\":\"desktop:20px;mobile:16px;\",\"line-height\":\"desktop:20px;mobile:18px;\"}'  style=\"color:#666666;\">R. S\u00e1 de Miranda 260, 2785-728. S\u00e3o Domingos de Rana<\/div> <!-- description --><\/div> <!-- aio-ibd-block --><\/div> <!-- aio-icon-box --><\/div> <!-- aio-icon-component --><\/div><\/div><div class=\"ult-spacer spacer-69e7d293015fe\" data-id=\"69e7d293015fe\" data-height=\"6\" data-height-mobile=\"20\" data-height-tab=\"\" data-height-tab-portrait=\"\" data-height-mobile-landscape=\"\" style=\"clear:both;display:block;\"><\/div><div class=\"ult-spacer spacer-69e7d2930160e\" data-id=\"69e7d2930160e\" data-height=\"30\" data-height-mobile=\"30\" data-height-tab=\"\" data-height-tab-portrait=\"\" data-height-mobile-landscape=\"\" style=\"clear:both;display:block;\"><\/div><div class=\"g-cols wpb_row offset_small vc_inner \"><div class=\" full-width vc_hidden-sm vc_hidden-xs\">\n\t\t\t<div class=\"ult_dual_button ult-adjust-bottom-margin to-center  \"  data-response=\"on\" id=\"ult_btn_1788131625\">\n\n\t\t\t<div id=\"dualbtn-4512\" class=\"ulitmate_dual_buttons ult-dual-btn ult_main_dualbtn \" data-bcolor=\"#333333\"data-bhcolor=\"\">\n\n\t\t\t<div class=\"ult_dualbutton-wrapper btn-inline place-template bt1 \"><a href = \"http:\/\/t.me\/+351929379203\" target='_blank' class=\"ult_ivan_button   round-square  with-icon icon-after with-text place-template ult_dual1\" style=\" ;margin-right:px;;background-color:#0977e5 !important;; border-color:#333333;border-style:;border-width:0px;border-radius:10px;width:250px;;\">\n\t\t\t<span class=\"ult-dual-btn-1 Style 1\" style=\"\"  data-bgcolor=\"#0977e5\" data-bghovercolor=\"#0038d3\" data-icon_color=\"#ffffff\" data-icon_hover_color=\"#ffffff\" data-textcolor=\"#ffffff\" data-texthovercolor=\"#ffffff\" data-iconbgcolor=\"transperent\" data-iconbghovercolor=\"transperent\" data-iconborder=\"transperent\" data-iconhoverborder=\"transperent\" >\n\n\t\t\t<span class=\"text-btn ult-dual-button-title title_left \"  style=\"font-weight:normal;color:#ffffff;\">Telegram<\/span>\n\t\t\t<span class=\"icon-simple icon-right1 ult_btn1span \"  style=\"; \">\n<span class=\"aio-icon btn1icon none \"  style=\"color:#ffffff;font-size:24px;display:inline-block;\">\n\t<i class=\"Defaults-paper-plane send\" ><\/i>\n<\/span><\/span\n\t\t\t<\/span>\n\t\t\t<\/a><span class=\"middle-text\" style=\"line-height: 1.8em;color:#515151;background-color:#ffffff;border-color:#ffffff;border-width:1px;border-style:solid;border-radius:500px;\">\n\t\t\t<span class=\"middle-inner\"  >or<\/span>\n\t\t\t<\/span>\n\n\t\t\t<\/div>\n\n\t\t\t<div class=\"ult_dualbutton-wrapper btn-inline place-template btn2 \"><a href = \"https:\/\/wa.me\/351929379203\" target='_blank' class=\"ult_ivan_button   round-square  with-icon icon-after with-text place-template ult_dual2\"  style=\";background-color:#009600 !important;;margin-left:px;;border-color:#333333;border-style:;border-width:0px;border-radius:10px;width:250px;\">\n\t\t\t<span class=\"ult-dual-btn-2 Style 1\"  data-bgcolor=\"#009600\" data-bghovercolor=\"#30d100\" data-icon_color=\"#ffffff\" data-icon_hover_color=\"#ffffff\" data-textcolor=\"#ffffff\" data-texthovercolor=\"#ffffff\" data-iconbgcolor=\"transperent\" data-iconbghovercolor=\"transperent\" data-iconborder=\"transperent\" data-iconhoverborder=\"transperent\" >\n\t\t\t<span class=\"text-btn ult-dual-button-title\" style=\"font-weight:normal;color:#ffffff;\">Whatsapp<\/span>\n\n\t\t\t<span class=\"icon-simple icon-right2 ult_btn1span \"  style=\"; \">\n<span class=\"aio-icon btn1icon none \"  style=\"color:#ffffff;font-size:24px;display:inline-block;\">\n\t<i class=\"Defaults-whatsapp\" ><\/i>\n<\/span><\/span>\n\t\t\t<\/span>\n\t\t\t<\/a><\/div>\n\t\t\t<\/div>\n\t\t\t<\/div><\/div><\/div><\/div><\/div><\/div><\/section>\n","protected":false},"excerpt":{"rendered":"Telegram Email info@service-c-m.com Endere\u00e7o R. S\u00e1 de Miranda 260, 2785-728. S\u00e3o Domingos de Rana Telegram","protected":false},"author":1,"featured_media":0,"parent":0,"menu_order":0,"comment_status":"closed","ping_status":"closed","template":"","meta":{"footnotes":""},"class_list":["post-16","page","type-page","status-publish","hentry"],"_links":{"self":[{"href":"https:\/\/service-c-m.com\/pt\/wp-json\/wp\/v2\/pages\/16","targetHints":{"allow":["GET"]}}],"collection":[{"href":"https:\/\/service-c-m.com\/pt\/wp-json\/wp\/v2\/pages"}],"about":[{"href":"https:\/\/service-c-m.com\/pt\/wp-json\/wp\/v2\/types\/page"}],"author":[{"embeddable":true,"href":"https:\/\/service-c-m.com\/pt\/wp-json\/wp\/v2\/users\/1"}],"replies":[{"embeddable":true,"href":"https:\/\/service-c-m.com\/pt\/wp-json\/wp\/v2\/comments?post=16"}],"version-history":[{"count":12,"href":"https:\/\/service-c-m.com\/pt\/wp-json\/wp\/v2\/pages\/16\/revisions"}],"predecessor-version":[{"id":573,"href":"https:\/\/service-c-m.com\/pt\/wp-json\/wp\/v2\/pages\/16\/revisions\/573"}],"wp:attachment":[{"href":"https:\/\/service-c-m.com\/pt\/wp-json\/wp\/v2\/media?parent=16"}],"curies":[{"name":"wp","href":"https:\/\/api.w.org\/{rel}","templated":true}]}}