{"id":18,"date":"2024-11-01T12:56:06","date_gmt":"2024-11-01T09:56:06","guid":{"rendered":"https:\/\/service-c-m.com\/?page_id=16"},"modified":"2025-09-12T23:45:28","modified_gmt":"2025-09-12T20:45:28","slug":"blog","status":"publish","type":"page","link":"https:\/\/service-c-m.com\/pt\/blog\/","title":{"rendered":"Blog"},"content":{"rendered":"<section class=\"l-section wpb_row height_medium\"><div class=\"l-section-h g-html i-cf\"><div class=\"g-cols offset_small\"><div class=\" full-width\"><div class=\"g-cols wpb_row offset_small vc_inner \"><div class=\" one-half\"><div class=\"wpb_text_column \"><div class=\"wpb_wrapper\"><span style=\"font-size: 44px; line-height: 50px; color: #111d15;\"><strong>Fique por dentro das <span style=\"color: #009600;\">nossas dicas e novidades da empresa<\/span>!<\/strong><\/span><\/div> <\/div> <\/div><div class=\" one-half\"><div class=\"wpb_text_column \"><div class=\"wpb_wrapper\"><strong><span style=\"font-size: 16px; color: #111d15;\">O nosso blog<\/span><\/strong><\/p>\n<p><span style=\"font-size: 16px; color: #666666;\">Recomenda\u00e7\u00f5es \u00fateis sobre limpeza da casa e do escrit\u00f3rio, not\u00edcias da empresa e conselhos de especialistas.<br \/>\nPartilhamos segredos sobre como manter a limpeza e o conforto, e explicamos por que, no ritmo de vida moderno, \u00e9 mais vantajoso confiar em servi\u00e7os completos &#8212; desde a limpeza e manuten\u00e7\u00e3o de estofados at\u00e9 mudan\u00e7as e servi\u00e7os de repara\u00e7\u00f5es dom\u00e9sticas.<\/span><\/div> <\/div> <\/div><\/div><div class=\"w-separator type_default size_medium thick_1 style_solid color_custom cont_none\" style=\"border-color: #83a790; color: #83a790;\"><span class=\"w-separator-h\"><\/span><\/div><div class=\"ult-spacer spacer-69e7d2abc06cf\" data-id=\"69e7d2abc06cf\" data-height=\"20\" data-height-mobile=\"20\" data-height-tab=\"\" data-height-tab-portrait=\"\" data-height-mobile-landscape=\"\" style=\"clear:both;display:block;\"><\/div><div class=\"g-cols wpb_row offset_small vc_inner \"><div class=\" one-third\"><div class=\"ult-content-box-container \" >\t<a class=\"ult-content-box-anchor\" href=\"https:\/\/service-c-m.com\/blog-1\/\" title=\"\" target=\"\" >\t\t<div class=\"ult-content-box\" style=\"box-shadow: px px px px none;border-style:solid;border-width:1px;border-radius:30px;border-color:#ffffff;padding:0px;-webkit-transition: all 700ms ease;-moz-transition: all 700ms ease;-ms-transition: all 700ms ease;-o-transition: all 700ms ease;transition: all 700ms ease;\"  data-hover_bg_color=\"#ffffff\"  data-hover_box_shadow=\"none\"  data-hover_border_color=\"#83a790\"     data-border_color=\"#ffffff\" ><div class=\"w-image  align_center animate_aft\"><a href=\"https:\/\/service-c-m.com\/pt\/blog-1\/\" title=\"BLOGUE 1\" target=\"\"><img loading=\"lazy\" decoding=\"async\" width=\"768\" height=\"560\" src=\"https:\/\/service-c-m.com\/pt\/wp-content\/uploads\/2025\/01\/image-21-768x560-1.png\" class=\"attachment-full size-full\" alt=\"\" srcset=\"https:\/\/service-c-m.com\/pt\/wp-content\/uploads\/2025\/01\/image-21-768x560-1.png 768w, https:\/\/service-c-m.com\/pt\/wp-content\/uploads\/2025\/01\/image-21-768x560-1-300x219.png 300w, https:\/\/service-c-m.com\/pt\/wp-content\/uploads\/2025\/01\/image-21-768x560-1-600x438.png 600w\" sizes=\"auto, (max-width: 768px) 100vw, 768px\" \/><\/a><\/div><div class=\"wpb_text_column  vc_custom_1757705934158\"><div class=\"wpb_wrapper\">\n<p style=\"text-align: center;\"><span style=\"font-size: 14pt; color: #000000;\"><strong>Limpeza de Estofados e Prote\u00e7\u00e3o Stainshield em Lisboa, Cascais e Sintra<\/strong><\/span><\/p>\n<p style=\"text-align: center;\"><span style=\"font-size: 16px; color: #666666;\">A limpeza de estofados em Lisboa \u00e9 um servi\u00e7o essencial para quem deseja manter sof\u00e1s, poltronas, cadeiras, colch\u00f5es e carpetes sempre limpos, higienizados e com um aspeto agrad\u00e1vel&#8230;<\/span><\/p>\n<\/div> <\/div> <div id=\"ultimate-heading-733769e7d2abc119c\" class=\"uvc-heading ult-adjust-bottom-margin ultimate-heading-733769e7d2abc119c uvc-4543 \" data-hspacer=\"line_only\"  data-halign=\"center\" style=\"text-align:center\"><div class=\"uvc-heading-spacer line_only\" style=\"margin-top:0px;margin-bottom:0px;height:1px;\"><span class=\"uvc-headings-line\" style=\"border-style:solid;border-bottom-width:1px;border-color:#83a790;width:320px;\"><\/span><\/div><\/div><div class=\"ubtn-ctn-center\"><a class=\"ubtn-link ult-adjust-bottom-margin ubtn-center ubtn-custom \" href = \"https:\/\/service-c-m.com\/pt\/blog-1\/\" target='' ><button type=\"button\" id=\"ubtn-6238\" class=\"ubtn ult-adjust-bottom-margin ult-responsive ubtn-custom ubtn-bottom-bg  none  ubtn-center   tooltip-69e7d2abc11ec\"  data-hover=\"#ffffff\" data-border-color=\"#ffffff\" data-bg=\"#ffffff\" data-hover-bg=\"#009600\" data-border-hover=\"#ffffff\" data-shadow-hover=\"\" data-shadow-click=\"none\" data-shadow=\"\" data-shd-shadow=\"\"  data-ultimate-target='#ubtn-6238'  data-responsive-json-new='{\"font-size\":\"desktop:16px;\",\"line-height\":\"\"}'  style=\"font-weight:bold;width:320px;min-height:60px;padding:0px 0px;border-radius:15px;border-width:0px;border-color:#ffffff;border-style:solid;background: #ffffff;color: #666666;\"><span class=\"ubtn-hover\" style=\"background-color:#009600\"><\/span><span class=\"ubtn-data ubtn-text \" >Ler mais<\/span><\/button><\/a><\/div>\t\t<\/div>\t<\/a><\/div><\/div><div class=\" one-third\"><div class=\"ult-content-box-container \" >\t<a class=\"ult-content-box-anchor\" href=\"https:\/\/service-c-m.com\/blog-2\/\" title=\"\" target=\"\" >\t\t<div class=\"ult-content-box\" style=\"box-shadow: px px px px none;border-style:solid;border-width:1px;border-radius:30px;border-color:#ffffff;padding:0px;-webkit-transition: all 700ms ease;-moz-transition: all 700ms ease;-ms-transition: all 700ms ease;-o-transition: all 700ms ease;transition: all 700ms ease;\"  data-hover_bg_color=\"#ffffff\"  data-hover_box_shadow=\"none\"  data-hover_border_color=\"#83a790\"     data-border_color=\"#ffffff\" ><div class=\"w-image  align_center animate_aft rounded-top\"><a href=\"https:\/\/service-c-m.com\/pt\/blog-2\/\" title=\"BLOGUE 2\" target=\"\"><img loading=\"lazy\" decoding=\"async\" width=\"1536\" height=\"1024\" src=\"https:\/\/service-c-m.com\/pt\/wp-content\/uploads\/2025\/09\/3.png\" class=\"attachment-full size-full\" alt=\"\" srcset=\"https:\/\/service-c-m.com\/pt\/wp-content\/uploads\/2025\/09\/3.png 1536w, https:\/\/service-c-m.com\/pt\/wp-content\/uploads\/2025\/09\/3-300x200.png 300w, https:\/\/service-c-m.com\/pt\/wp-content\/uploads\/2025\/09\/3-1024x683.png 1024w, https:\/\/service-c-m.com\/pt\/wp-content\/uploads\/2025\/09\/3-768x512.png 768w, https:\/\/service-c-m.com\/pt\/wp-content\/uploads\/2025\/09\/3-600x400.png 600w\" sizes=\"auto, (max-width: 1536px) 100vw, 1536px\" \/><\/a><\/div><div class=\"wpb_text_column  vc_custom_1757707442394\"><div class=\"wpb_wrapper\">\n<p style=\"text-align: center;\"><span style=\"font-size: 14pt; color: #000000;\"><strong>Servi\u00e7os de Mudan\u00e7as em Lisboa, Cascais, Sintra e Estoril<\/strong><\/span><\/p>\n<p style=\"text-align: center;\"><span style=\"font-size: 16px; color: #666666;\">Mudar de casa ou de escrit\u00f3rio pode parecer um processo complicado, mas com a Cleanhouse Service tudo fica simples, r\u00e1pido e seguro. Somos uma empresa de mudan\u00e7as em Lisboa e Cascais&#8230;<\/span><\/p>\n<\/div> <\/div> <div id=\"ultimate-heading-974069e7d2abc1a2b\" class=\"uvc-heading ult-adjust-bottom-margin ultimate-heading-974069e7d2abc1a2b uvc-5935 \" data-hspacer=\"line_only\"  data-halign=\"center\" style=\"text-align:center\"><div class=\"uvc-heading-spacer line_only\" style=\"margin-top:0px;margin-bottom:0px;height:1px;\"><span class=\"uvc-headings-line\" style=\"border-style:solid;border-bottom-width:1px;border-color:#83a790;width:320px;\"><\/span><\/div><\/div><div class=\"ubtn-ctn-center\"><a class=\"ubtn-link ult-adjust-bottom-margin ubtn-center ubtn-custom \" href = \"https:\/\/service-c-m.com\/pt\/blog-2\/\" target='' ><button type=\"button\" id=\"ubtn-3477\" class=\"ubtn ult-adjust-bottom-margin ult-responsive ubtn-custom ubtn-bottom-bg  none  ubtn-center   tooltip-69e7d2abc1a65\"  data-hover=\"#ffffff\" data-border-color=\"#ffffff\" data-bg=\"#ffffff\" data-hover-bg=\"#009600\" data-border-hover=\"#ffffff\" data-shadow-hover=\"\" data-shadow-click=\"none\" data-shadow=\"\" data-shd-shadow=\"\"  data-ultimate-target='#ubtn-3477'  data-responsive-json-new='{\"font-size\":\"desktop:16px;\",\"line-height\":\"\"}'  style=\"font-weight:bold;width:320px;min-height:60px;padding:0px 0px;border-radius:15px;border-width:0px;border-color:#ffffff;border-style:solid;background: #ffffff;color: #666666;\"><span class=\"ubtn-hover\" style=\"background-color:#009600\"><\/span><span class=\"ubtn-data ubtn-text \" >Ler mais<\/span><\/button><\/a><\/div>\t\t<\/div>\t<\/a><\/div><\/div><div class=\" one-third\"><div class=\"ult-content-box-container \" >\t<a class=\"ult-content-box-anchor\" href=\"https:\/\/service-c-m.com\/blog-3\/\" title=\"\" target=\"\" >\t\t<div class=\"ult-content-box\" style=\"box-shadow: px px px px none;border-style:solid;border-width:1px;border-radius:30px;border-color:#ffffff;padding:0px;-webkit-transition: all 700ms ease;-moz-transition: all 700ms ease;-ms-transition: all 700ms ease;-o-transition: all 700ms ease;transition: all 700ms ease;\"  data-hover_bg_color=\"#ffffff\"  data-hover_box_shadow=\"none\"  data-hover_border_color=\"#83a790\"     data-border_color=\"#ffffff\" ><div class=\"w-image  align_center animate_aft\"><a href=\"https:\/\/service-c-m.com\/pt\/blog-3\/\" title=\"BLOGUE 3\" target=\"\"><img loading=\"lazy\" decoding=\"async\" width=\"768\" height=\"560\" src=\"https:\/\/service-c-m.com\/pt\/wp-content\/uploads\/2025\/01\/image-23-768x560-1.png\" class=\"attachment-full size-full\" alt=\"\" srcset=\"https:\/\/service-c-m.com\/pt\/wp-content\/uploads\/2025\/01\/image-23-768x560-1.png 768w, https:\/\/service-c-m.com\/pt\/wp-content\/uploads\/2025\/01\/image-23-768x560-1-300x219.png 300w, https:\/\/service-c-m.com\/pt\/wp-content\/uploads\/2025\/01\/image-23-768x560-1-600x438.png 600w\" sizes=\"auto, (max-width: 768px) 100vw, 768px\" \/><\/a><\/div><div class=\"wpb_text_column  vc_custom_1757708642117\"><div class=\"wpb_wrapper\">\n<p style=\"text-align: center;\"><span style=\"font-size: 14pt; color: #000000;\"><strong>Servi\u00e7os de Repara\u00e7\u00f5es Dom\u00e9sticas em Lisboa e Cascais: solu\u00e7\u00e3o moderna e pr\u00e1tica para a sua casa<\/strong><\/span><\/p>\n<p style=\"text-align: center;\"><span style=\"font-size: 16px; color: #666666;\">No ritmo acelerado da vida moderna, encontrar tempo para pequenos reparos em casa pode ser um grande desafio. Uma torneira que pinga, tomadas avariadas, montagem de m\u00f3veis IKEA ou at\u00e9 a pintura de paredes s\u00e3o tarefas que exigem tempo, ferramentas adequadas e experi\u00eancia&#8230;<\/span><\/p>\n<\/div> <\/div> <div id=\"ultimate-heading-270369e7d2abc22b7\" class=\"uvc-heading ult-adjust-bottom-margin ultimate-heading-270369e7d2abc22b7 uvc-8379 \" data-hspacer=\"line_only\"  data-halign=\"center\" style=\"text-align:center\"><div class=\"uvc-heading-spacer line_only\" style=\"margin-top:0px;margin-bottom:0px;height:1px;\"><span class=\"uvc-headings-line\" style=\"border-style:solid;border-bottom-width:1px;border-color:#83a790;width:320px;\"><\/span><\/div><\/div><div class=\"ubtn-ctn-center\"><a class=\"ubtn-link ult-adjust-bottom-margin ubtn-center ubtn-custom \" href = \"https:\/\/service-c-m.com\/pt\/blog-3\/\" target='' ><button type=\"button\" id=\"ubtn-1870\" class=\"ubtn ult-adjust-bottom-margin ult-responsive ubtn-custom ubtn-bottom-bg  none  ubtn-center   tooltip-69e7d2abc22f9\"  data-hover=\"#ffffff\" data-border-color=\"#ffffff\" data-bg=\"#ffffff\" data-hover-bg=\"#009600\" data-border-hover=\"#ffffff\" data-shadow-hover=\"\" data-shadow-click=\"none\" data-shadow=\"\" data-shd-shadow=\"\"  data-ultimate-target='#ubtn-1870'  data-responsive-json-new='{\"font-size\":\"desktop:16px;\",\"line-height\":\"\"}'  style=\"font-weight:bold;width:320px;min-height:60px;padding:0px 0px;border-radius:15px;border-width:0px;border-color:#ffffff;border-style:solid;background: #ffffff;color: #666666;\"><span class=\"ubtn-hover\" style=\"background-color:#009600\"><\/span><span class=\"ubtn-data ubtn-text \" >Ler mais<\/span><\/button><\/a><\/div>\t\t<\/div>\t<\/a><\/div><\/div><\/div><div class=\"ult-spacer spacer-69e7d2abc23a4\" data-id=\"69e7d2abc23a4\" data-height=\"20\" data-height-mobile=\"20\" data-height-tab=\"\" data-height-tab-portrait=\"\" data-height-mobile-landscape=\"\" style=\"clear:both;display:block;\"><\/div><div class=\"g-cols wpb_row offset_small vc_inner \"><div class=\" one-third\"><div class=\"ult-content-box-container \" >\t<a class=\"ult-content-box-anchor\" href=\"https:\/\/service-c-m.com\/blog-4\/\" title=\"\" target=\"\" >\t\t<div class=\"ult-content-box\" style=\"box-shadow: px px px px none;border-style:solid;border-width:1px;border-radius:30px;border-color:#ffffff;-webkit-transition: all 700ms ease;-moz-transition: all 700ms ease;-ms-transition: all 700ms ease;-o-transition: all 700ms ease;transition: all 700ms ease;\"  data-hover_bg_color=\"#ffffff\"  data-hover_box_shadow=\"none\"  data-hover_border_color=\"#83a790\"     data-border_color=\"#ffffff\" ><div class=\"w-image  align_center animate_aft\"><a href=\"https:\/\/service-c-m.com\/pt\/blog-4\/\" title=\"BLOGUE 4\" target=\"\"><img loading=\"lazy\" decoding=\"async\" width=\"768\" height=\"560\" src=\"https:\/\/service-c-m.com\/pt\/wp-content\/uploads\/2025\/01\/Image-10-768x560-1.png\" class=\"attachment-full size-full\" alt=\"\" srcset=\"https:\/\/service-c-m.com\/pt\/wp-content\/uploads\/2025\/01\/Image-10-768x560-1.png 768w, https:\/\/service-c-m.com\/pt\/wp-content\/uploads\/2025\/01\/Image-10-768x560-1-300x219.png 300w, https:\/\/service-c-m.com\/pt\/wp-content\/uploads\/2025\/01\/Image-10-768x560-1-600x438.png 600w\" sizes=\"auto, (max-width: 768px) 100vw, 768px\" \/><\/a><\/div><div class=\"wpb_text_column  vc_custom_1757709924899\"><div class=\"wpb_wrapper\">\n<p style=\"text-align: center;\"><span style=\"font-size: 14pt; color: #000000;\"><strong>Servi\u00e7os de Limpeza em Lisboa e Cascais: a solu\u00e7\u00e3o moderna para casas e empresas<\/strong><\/span><\/p>\n<p style=\"text-align: center;\"><span style=\"font-size: 16px; color: #666666;\">No dia a dia acelerado, manter a casa ou o escrit\u00f3rio limpos e organizados pode ser um verdadeiro desafio. Poeira, sujidade e manchas acumulam-se rapidamente, especialmente em \u00e1reas expostas como varandas, terra\u00e7os e pavimentos exteriores&#8230;<\/span><\/p>\n<\/div> <\/div> <div id=\"ultimate-heading-844769e7d2abc2cdf\" class=\"uvc-heading ult-adjust-bottom-margin ultimate-heading-844769e7d2abc2cdf uvc-5707 \" data-hspacer=\"line_only\"  data-halign=\"center\" style=\"text-align:center\"><div class=\"uvc-heading-spacer line_only\" style=\"margin-top:0px;margin-bottom:0px;height:1px;\"><span class=\"uvc-headings-line\" style=\"border-style:solid;border-bottom-width:1px;border-color:#83a790;width:320px;\"><\/span><\/div><\/div><div class=\"ubtn-ctn-center\"><a class=\"ubtn-link ult-adjust-bottom-margin ubtn-center ubtn-custom \" href = \"https:\/\/service-c-m.com\/pt\/blog-4\/\" target='' ><button type=\"button\" id=\"ubtn-2258\" class=\"ubtn ult-adjust-bottom-margin ult-responsive ubtn-custom ubtn-bottom-bg  none  ubtn-center   tooltip-69e7d2abc2d1a\"  data-hover=\"#ffffff\" data-border-color=\"#ffffff\" data-bg=\"#ffffff\" data-hover-bg=\"#009600\" data-border-hover=\"#ffffff\" data-shadow-hover=\"\" data-shadow-click=\"none\" data-shadow=\"\" data-shd-shadow=\"\"  data-ultimate-target='#ubtn-2258'  data-responsive-json-new='{\"font-size\":\"desktop:16px;\",\"line-height\":\"\"}'  style=\"font-weight:bold;width:320px;min-height:60px;padding:0px 0px;border-radius:15px;border-width:0px;border-color:#ffffff;border-style:solid;background: #ffffff;color: #666666;\"><span class=\"ubtn-hover\" style=\"background-color:#009600\"><\/span><span class=\"ubtn-data ubtn-text \" >Ler mais<\/span><\/button><\/a><\/div>\t\t<\/div>\t<\/a><\/div><\/div><\/div><\/div><\/div><\/div><\/section>\n","protected":false},"excerpt":{"rendered":"Fique por dentro das nossas dicas e novidades da empresa! O nosso blog Recomenda\u00e7\u00f5es \u00fateis sobre limpeza da casa e do escrit\u00f3rio, not\u00edcias da empresa e conselhos de especialistas. Partilhamos segredos sobre como manter a limpeza e o conforto, e explicamos por que, no ritmo de vida moderno, \u00e9 mais vantajoso confiar em servi\u00e7os completos...","protected":false},"author":1,"featured_media":0,"parent":0,"menu_order":0,"comment_status":"closed","ping_status":"closed","template":"","meta":{"footnotes":""},"class_list":["post-18","page","type-page","status-publish","hentry"],"_links":{"self":[{"href":"https:\/\/service-c-m.com\/pt\/wp-json\/wp\/v2\/pages\/18","targetHints":{"allow":["GET"]}}],"collection":[{"href":"https:\/\/service-c-m.com\/pt\/wp-json\/wp\/v2\/pages"}],"about":[{"href":"https:\/\/service-c-m.com\/pt\/wp-json\/wp\/v2\/types\/page"}],"author":[{"embeddable":true,"href":"https:\/\/service-c-m.com\/pt\/wp-json\/wp\/v2\/users\/1"}],"replies":[{"embeddable":true,"href":"https:\/\/service-c-m.com\/pt\/wp-json\/wp\/v2\/comments?post=18"}],"version-history":[{"count":27,"href":"https:\/\/service-c-m.com\/pt\/wp-json\/wp\/v2\/pages\/18\/revisions"}],"predecessor-version":[{"id":564,"href":"https:\/\/service-c-m.com\/pt\/wp-json\/wp\/v2\/pages\/18\/revisions\/564"}],"wp:attachment":[{"href":"https:\/\/service-c-m.com\/pt\/wp-json\/wp\/v2\/media?parent=18"}],"curies":[{"name":"wp","href":"https:\/\/api.w.org\/{rel}","templated":true}]}}