{"id":241,"date":"2024-11-05T19:42:53","date_gmt":"2024-11-05T16:42:53","guid":{"rendered":"https:\/\/service-c-m.com\/?page_id=241"},"modified":"2025-09-10T01:48:55","modified_gmt":"2025-09-09T22:48:55","slug":"price","status":"publish","type":"page","link":"https:\/\/service-c-m.com\/pt\/price\/","title":{"rendered":"Pre\u00e7os"},"content":{"rendered":"<section class=\"l-section wpb_row height_medium\"><div class=\"l-section-h g-html i-cf\"><div class=\"g-cols offset_small\"><div class=\" one-half\"><div class=\"w-tabs layout_default accordion type_togglable title_left icon_chevron iconpos_right vc_custom_1730825437341 \"><div class=\"w-tabs-list items_4\"><div class=\"w-tabs-list-h\"><div class=\"w-tabs-item\"><div class=\"w-tabs-item-h\"><span class=\"w-tabs-item-title\">Limpeza Geral<\/span><\/div><\/div>\n<div class=\"w-tabs-item\"><div class=\"w-tabs-item-h\"><span class=\"w-tabs-item-title\">Limpeza de Estofos e T\u00eaxteis<\/span><\/div><\/div>\n<div class=\"w-tabs-item\"><div class=\"w-tabs-item-h\"><span class=\"w-tabs-item-title\">Servi\u00e7os de Handyman (Marido de Aluguer)<\/span><\/div><\/div>\n<div class=\"w-tabs-item\"><div class=\"w-tabs-item-h\"><span class=\"w-tabs-item-title\">Servi\u00e7os de Mudan\u00e7as<\/span><\/div><\/div>\n<\/div><\/div><div class=\"w-tabs-sections\"><div class=\"w-tabs-sections-h\"><div class=\"w-tabs-section\"><div class=\"w-tabs-section-header\"><div class=\"w-tabs-section-header-h\"><h5 class=\"w-tabs-section-title\">Limpeza Geral<\/h5><div class=\"w-tabs-section-control\"><\/div><\/div><\/div><div class=\"w-tabs-section-content\"><div class=\"w-tabs-section-content-h i-cf\"><div class=\"wpb_text_column \"><div class=\"wpb_wrapper\">\n<table class=\"aligncenter\" dir=\"ltr\" style=\"height: 183px; width: 94.6324%; border-color: #f2f2f2; border-style: solid;\" border=\"1\" cellspacing=\"0\" cellpadding=\"0\" data-sheets-root=\"1\" data-sheets-baot=\"1\">\n<colgroup>\n<col width=\"415\" \/>\n<col width=\"153\" \/><\/colgroup>\n<tbody>\n<tr style=\"height: 55px;\">\n<td style=\"height: 46px; width: 72.8223%;\">Limpeza de apartamentos e casas<\/td>\n<td style=\"height: 142px; width: 47.7352%;\" rowspan=\"3\">a partir de 20 euros\/hora<\/td>\n<\/tr>\n<tr style=\"height: 55px;\">\n<td style=\"height: 48px; width: 72.8223%;\">Limpeza p\u00f3s-obra<\/td>\n<\/tr>\n<tr style=\"height: 55px;\">\n<td style=\"height: 48px; width: 72.8223%;\">Limpeza de escrit\u00f3rios e espa\u00e7os comerciais<\/td>\n<\/tr>\n<tr style=\"height: 41px;\">\n<td style=\"width: 72.8223%; height: 41px;\">Lavagem de varandas, terra\u00e7os e pavimentos<\/td>\n<td style=\"width: 47.7352%; height: 41px;\">sob or\u00e7amento<\/td>\n<\/tr>\n<\/tbody>\n<\/table>\n<\/div> <\/div> <\/div><\/div><\/div><div class=\"w-tabs-section\"><div class=\"w-tabs-section-header\"><div class=\"w-tabs-section-header-h\"><h5 class=\"w-tabs-section-title\">Limpeza de Estofos e T\u00eaxteis<\/h5><div class=\"w-tabs-section-control\"><\/div><\/div><\/div><div class=\"w-tabs-section-content\"><div class=\"w-tabs-section-content-h i-cf\"><div class=\"wpb_text_column \"><div class=\"wpb_wrapper\">\n<table class=\"aligncenter\" dir=\"ltr\" style=\"height: 203px; width: 102.834%; border-color: #f2f2f2; border-style: solid;\" border=\"1\" cellspacing=\"0\" cellpadding=\"0\" data-sheets-root=\"1\" data-sheets-baot=\"1\">\n<colgroup>\n<col width=\"415\" \/>\n<col width=\"153\" \/><\/colgroup>\n<tbody>\n<tr style=\"height: 55px;\">\n<td style=\"width: 59.8846%; height: 50px;\">Limpeza de carpetes, tapetes (limpeza profunda)<\/td>\n<td style=\"width: 33.294%; height: 50px;\">a partir de 13 eur por 1 m2<\/td>\n<\/tr>\n<tr style=\"height: 55px;\">\n<td style=\"width: 59.8846%; height: 48px;\">Lavagem de cortinas e tules<\/td>\n<td style=\"width: 33.294%; height: 48px;\">a partir de 15 eur por 1 m2<\/td>\n<\/tr>\n<tr style=\"height: 55px;\">\n<td style=\"width: 59.8846%; height: 50px;\">Limpeza de sof\u00e1s, poltronas, cadeiras e colch\u00f5es<\/td>\n<td style=\"width: 33.294%; height: 50px;\">a partir de 70 euros<\/td>\n<\/tr>\n<tr style=\"height: 55px;\">\n<td style=\"width: 59.8846%; height: 55px;\">Tratamento Stainshield (impermeabiliza\u00e7\u00e3o hidrorrepelente)<\/td>\n<td style=\"width: 33.294%; height: 55px;\">sob or\u00e7amento<\/td>\n<\/tr>\n<\/tbody>\n<\/table>\n<\/div> <\/div> <\/div><\/div><\/div><div class=\"w-tabs-section\"><div class=\"w-tabs-section-header\"><div class=\"w-tabs-section-header-h\"><h5 class=\"w-tabs-section-title\">Servi\u00e7os de Handyman (Marido de Aluguer)<\/h5><div class=\"w-tabs-section-control\"><\/div><\/div><\/div><div class=\"w-tabs-section-content\"><div class=\"w-tabs-section-content-h i-cf\"><div class=\"wpb_text_column \"><div class=\"wpb_wrapper\">\n<table class=\"aligncenter\" dir=\"ltr\" style=\"height: 254px; width: 96.9401%; border-color: #f2f2f2; border-style: solid;\" border=\"1\" cellspacing=\"0\" cellpadding=\"0\" data-sheets-root=\"1\" data-sheets-baot=\"1\">\n<colgroup>\n<col width=\"415\" \/>\n<col width=\"153\" \/><\/colgroup>\n<tbody>\n<tr style=\"height: 55px;\">\n<td style=\"width: 59.8846%; height: 50px;\">Manuten\u00e7\u00e3o de apartamentos, casas e escrit\u00f3rios<\/td>\n<td style=\"width: 27.9605%; height: 225px;\" rowspan=\"5\">sob or\u00e7amento<\/td>\n<\/tr>\n<tr style=\"height: 55px;\">\n<td style=\"width: 59.8846%; height: 48px;\">Servi\u00e7os de canaliza\u00e7\u00e3o<\/td>\n<\/tr>\n<tr style=\"height: 55px;\">\n<td style=\"width: 59.8846%; height: 50px;\">Servi\u00e7os de eletricidade<\/td>\n<\/tr>\n<tr style=\"height: 55px;\">\n<td style=\"width: 59.8846%; height: 53px;\">Montagem de m\u00f3veis<\/td>\n<\/tr>\n<tr style=\"height: 55px;\">\n<td style=\"width: 59.8846%; height: 24px;\">Limpeza e desentupimento de canaliza\u00e7\u00f5es<\/td>\n<\/tr>\n<\/tbody>\n<\/table>\n<\/div> <\/div> <\/div><\/div><\/div><div class=\"w-tabs-section\"><div class=\"w-tabs-section-header\"><div class=\"w-tabs-section-header-h\"><h5 class=\"w-tabs-section-title\">Servi\u00e7os de Mudan\u00e7as<\/h5><div class=\"w-tabs-section-control\"><\/div><\/div><\/div><div class=\"w-tabs-section-content\"><div class=\"w-tabs-section-content-h i-cf\"><div class=\"wpb_text_column \"><div class=\"wpb_wrapper\">\n<table class=\"aligncenter\" dir=\"ltr\" style=\"height: 141px; width: 102.773%; border-color: #f2f2f2; border-style: solid;\" border=\"1\" cellspacing=\"0\" cellpadding=\"0\" data-sheets-root=\"1\" data-sheets-baot=\"1\">\n<colgroup>\n<col width=\"415\" \/>\n<col width=\"153\" \/><\/colgroup>\n<tbody>\n<tr style=\"height: 55px;\">\n<td style=\"width: 59.8846%; height: 73px;\">Mudan\u00e7as de apartamentos e escrit\u00f3rios<\/td>\n<td style=\"width: 33.6113%; height: 141px;\" rowspan=\"2\">sob or\u00e7amento<\/td>\n<\/tr>\n<tr style=\"height: 55px;\">\n<td style=\"width: 59.8846%; height: 68px;\">Transporte de cargas comerciais<\/td>\n<\/tr>\n<\/tbody>\n<\/table>\n<\/div> <\/div> <\/div><\/div><\/div><\/div><\/div><\/div><\/div><div class=\" one-half\"><div class=\"w-image  align_center animate_afr\"><img loading=\"lazy\" decoding=\"async\" width=\"1559\" height=\"1293\" src=\"https:\/\/service-c-m.com\/pt\/wp-content\/uploads\/2025\/01\/Images-1.png\" class=\"attachment-full size-full\" alt=\"\" srcset=\"https:\/\/service-c-m.com\/pt\/wp-content\/uploads\/2025\/01\/Images-1.png 1559w, https:\/\/service-c-m.com\/pt\/wp-content\/uploads\/2025\/01\/Images-1-300x249.png 300w, https:\/\/service-c-m.com\/pt\/wp-content\/uploads\/2025\/01\/Images-1-1024x849.png 1024w, https:\/\/service-c-m.com\/pt\/wp-content\/uploads\/2025\/01\/Images-1-768x637.png 768w, https:\/\/service-c-m.com\/pt\/wp-content\/uploads\/2025\/01\/Images-1-1536x1274.png 1536w, https:\/\/service-c-m.com\/pt\/wp-content\/uploads\/2025\/01\/Images-1-600x498.png 600w\" sizes=\"auto, (max-width: 1559px) 100vw, 1559px\" \/><\/div><\/div><\/div><\/div><\/section>\n","protected":false},"excerpt":{"rendered":"Limpeza Geral Limpeza de Estofos e T\u00eaxteis Servi\u00e7os de Handyman (Marido de Aluguer) Servi\u00e7os de Mudan\u00e7as Limpeza Geral Limpeza de apartamentos e casas a partir de 20 euros\/hora Limpeza p\u00f3s-obra Limpeza de escrit\u00f3rios e espa\u00e7os comerciais Lavagem de varandas, terra\u00e7os e pavimentos sob or\u00e7amento Limpeza de Estofos e T\u00eaxteis Limpeza de carpetes, tapetes (limpeza profunda)...","protected":false},"author":1,"featured_media":0,"parent":0,"menu_order":0,"comment_status":"closed","ping_status":"closed","template":"","meta":{"footnotes":""},"class_list":["post-241","page","type-page","status-publish","hentry"],"_links":{"self":[{"href":"https:\/\/service-c-m.com\/pt\/wp-json\/wp\/v2\/pages\/241","targetHints":{"allow":["GET"]}}],"collection":[{"href":"https:\/\/service-c-m.com\/pt\/wp-json\/wp\/v2\/pages"}],"about":[{"href":"https:\/\/service-c-m.com\/pt\/wp-json\/wp\/v2\/types\/page"}],"author":[{"embeddable":true,"href":"https:\/\/service-c-m.com\/pt\/wp-json\/wp\/v2\/users\/1"}],"replies":[{"embeddable":true,"href":"https:\/\/service-c-m.com\/pt\/wp-json\/wp\/v2\/comments?post=241"}],"version-history":[{"count":14,"href":"https:\/\/service-c-m.com\/pt\/wp-json\/wp\/v2\/pages\/241\/revisions"}],"predecessor-version":[{"id":538,"href":"https:\/\/service-c-m.com\/pt\/wp-json\/wp\/v2\/pages\/241\/revisions\/538"}],"wp:attachment":[{"href":"https:\/\/service-c-m.com\/pt\/wp-json\/wp\/v2\/media?parent=241"}],"curies":[{"name":"wp","href":"https:\/\/api.w.org\/{rel}","templated":true}]}}