{"id":278,"date":"2024-11-12T13:50:28","date_gmt":"2024-11-12T10:50:28","guid":{"rendered":"https:\/\/service-c-m.com\/?page_id=278"},"modified":"2025-09-12T22:39:19","modified_gmt":"2025-09-12T19:39:19","slug":"blog-1","status":"publish","type":"page","link":"https:\/\/service-c-m.com\/pt\/blog-1\/","title":{"rendered":"BLOGUE 1"},"content":{"rendered":"<section class=\"l-section wpb_row height_medium\"><div class=\"l-section-h g-html i-cf\"><div class=\"g-cols offset_small\"><div class=\" full-width\"><div class=\"g-cols wpb_row offset_small vc_inner \"><div class=\" one-half\"><div class=\"wpb_text_column \"><div class=\"wpb_wrapper\">\n<h1><span style=\"font-family: Helvetica; font-size: 18pt;\"><strong><span style=\"color: #009600;\">Limpeza de Estofados e Prote\u00e7\u00e3o Stainshield<\/span> em Lisboa, Cascais e Sintra<\/strong><\/span><\/h1>\n<p><span style=\"color: #333333;\"><span style=\"font-size: 12pt; font-family: Helvetica;\">A limpeza de estofados em Lisboa \u00e9 um servi\u00e7o essencial para quem deseja manter sof\u00e1s, poltronas, cadeiras, colch\u00f5es e carpetes sempre limpos, higienizados e com um aspeto agrad\u00e1vel.<br \/>\nCom o tempo, os tecidos acumulam p\u00f3, sujidade, \u00e1caros, manchas e odores dif\u00edceis de eliminar com uma limpeza caseira.<br \/>\nO nosso servi\u00e7o profissional de limpeza de sof\u00e1s ao domic\u00edlio em Lisboa e Cascais garante resultados profundos e seguros, utilizando equipamentos modernos e produtos ecol\u00f3gicos.<\/span><\/span><\/div> <\/div> <\/div><div class=\" one-half\"><div class=\"ult-content-box-container \" >\t\t<div class=\"ult-content-box\" style=\"background-image:url('https:\/\/service-c-m.com\/pt\/wp-content\/uploads\/2025\/01\/shutterstock_1821853292-2.jpg');background-size: cover;background-repeat: repeat;background-position: center center;background-color: rgba(0, 0, 0, 0);box-shadow: px px px px none;border-style:solid;border-width:0px;border-radius:10px;border-color:#ffffff;min-height:400px;-webkit-transition: all 700ms ease;-moz-transition: all 700ms ease;-ms-transition: all 700ms ease;-o-transition: all 700ms ease;transition: all 700ms ease;\"  data-hover_box_shadow=\"none\"     data-border_color=\"#ffffff\" >\t\t<\/div><\/div><\/div><\/div><div class=\"ult-spacer spacer-69e7d4c57ceca\" data-id=\"69e7d4c57ceca\" data-height=\"60\" data-height-mobile=\"20\" data-height-tab=\"\" data-height-tab-portrait=\"\" data-height-mobile-landscape=\"\" style=\"clear:both;display:block;\"><\/div><div class=\"g-cols wpb_row offset_small vc_inner \"><div class=\" one-half\"><div class=\"ult-content-box-container \" >\t\t<div class=\"ult-content-box\" style=\"background-image:url('https:\/\/service-c-m.com\/pt\/wp-content\/uploads\/2025\/01\/upholstery-furniture-cleaning.jpg');background-size: cover;background-repeat: repeat;background-position: center center;background-color: rgba(0, 0, 0, 0);box-shadow: px px px px none;border-style:solid;border-width:0px;border-radius:10px;border-color:#ffffff;min-height:400px;-webkit-transition: all 700ms ease;-moz-transition: all 700ms ease;-ms-transition: all 700ms ease;-o-transition: all 700ms ease;transition: all 700ms ease;\"  data-hover_box_shadow=\"none\"     data-border_color=\"#ffffff\" >\t\t<\/div><\/div><\/div><div class=\" one-half\"><div class=\"wpb_text_column \"><div class=\"wpb_wrapper\">\n<h1><span style=\"font-family: Helvetica; font-size: 18pt;\"><strong><span style=\"color: #009600;\">Porque \u00e9 importante<\/span> fazer a limpeza de estofados?<\/strong><\/span><\/h1>\n<p><span style=\"color: #333333;\"><span style=\"font-size: 12pt; font-family: Helvetica;\">Muitos acreditam que basta aspirar ou passar um pano h\u00famido nos m\u00f3veis, mas na realidade, os tecidos guardam sujidades invis\u00edveis que prejudicam a sa\u00fade e reduzem a vida \u00fatil dos estofados.<\/span><\/span><\/p>\n<p><span style=\"color: #333333;\"><span style=\"font-size: 12pt; font-family: Helvetica;\">A limpeza profissional:<br \/>\n* Remove poeira, \u00e1caros e alerg\u00e9nios, contribuindo para um ambiente mais saud\u00e1vel.<br \/>\n* Elimina manchas dif\u00edceis de caf\u00e9, vinho, gordura e outras subst\u00e2ncias.<br \/>\n* Neutraliza maus odores (tabaco, animais de estima\u00e7\u00e3o, humidade).<br \/>\n* Restaura a cor e textura original dos tecidos.<br \/>\n* Prolonga a durabilidade de sof\u00e1s, colch\u00f5es e carpetes.<\/span><\/span><\/div> <\/div> <\/div><\/div><div class=\"ult-spacer spacer-69e7d4c57daf8\" data-id=\"69e7d4c57daf8\" data-height=\"40\" data-height-mobile=\"20\" data-height-tab=\"\" data-height-tab-portrait=\"\" data-height-mobile-landscape=\"\" style=\"clear:both;display:block;\"><\/div><div class=\"wpb_text_column \"><div class=\"wpb_wrapper\"><span style=\"font-size: 18pt;\"><strong><span style=\"font-family: Helvetica;\"><span style=\"color: #333333;\">Prote\u00e7\u00e3o adicional<\/span> <span style=\"color: #009600;\"> com a impermeabiliza\u00e7\u00e3o Stainshield!<\/span><\/span><\/strong><\/span><\/p>\n<p><span style=\"font-family: Helvetica;\"><span style=\"font-size: 12pt; color: #333333;\">Ap\u00f3s a higieniza\u00e7\u00e3o, recomendamos a aplica\u00e7\u00e3o da prote\u00e7\u00e3o Stainshield, uma impermeabiliza\u00e7\u00e3o inovadora que cria uma barreira invis\u00edvel contra l\u00edquidos e sujidade.<br \/>\nCom este tratamento, os tecidos ficam mais resistentes \u00e0s manchas do dia a dia, mantendo-se limpos por mais tempo.<\/span><\/span><\/p>\n<p><span style=\"font-size: 18pt;\"><strong><span style=\"font-family: Helvetica;\"><span style=\"color: #333333;\">Vantagens da aplica\u00e7\u00e3o<\/span> <span style=\"color: #009600;\"> Stainshield:<\/span><\/span><\/strong><\/span><\/p>\n<p><span style=\"font-family: Helvetica;\"><span style=\"font-size: 12pt; color: #333333;\">* Prote\u00e7\u00e3o contra manchas de l\u00edquidos (caf\u00e9, vinho, refrigerantes, molhos).<br \/>\n* Redu\u00e7\u00e3o da frequ\u00eancia de limpezas profundas, economizando tempo e dinheiro.<br \/>\n* Produto seguro para crian\u00e7as e animais de estima\u00e7\u00e3o.<br \/>\n* Preserva a cor e evita o desgaste precoce dos tecidos.<\/span><\/span><\/p>\n<p><span style=\"font-family: Helvetica;\"><span style=\"font-size: 12pt; color: #333333;\">Servi\u00e7os que oferecemos em Lisboa, Cascais, Sintra e Estoril<br \/>\n* Limpeza de sof\u00e1s ao domic\u00edlio (tecidos e pele).<br \/>\n* Limpeza de colch\u00f5es com tratamento anti\u00e1caros.<br \/>\n* Limpeza de carpetes e alcatifas com equipamentos profissionais.<br \/>\n* Limpeza de cadeiras, poltronas e estofados de escrit\u00f3rio.<br \/>\n* Impermeabiliza\u00e7\u00e3o de sof\u00e1s e estofados Stainshield.<\/span><\/span><\/p>\n<p><span style=\"font-size: 18pt;\"><strong><span style=\"font-family: Helvetica;\"><span style=\"color: #333333;\">Com que frequ\u00eancia devo<\/span> <span style=\"color: #009600;\"> fazer a limpeza de estofados?<\/span><\/span><\/strong><\/span><\/p>\n<p><span style=\"font-family: Helvetica;\"><span style=\"font-size: 12pt; color: #333333;\">* Limpeza de sof\u00e1s e colch\u00f5es &#8212; recomendada a cada 6 meses.<br \/>\n* Impermeabiliza\u00e7\u00e3o Stainshield &#8212; recomendada uma vez por ano.<\/span><\/span><\/p>\n<p><span style=\"font-family: Helvetica;\"><span style=\"font-size: 12pt; color: #333333;\">Manter esta rotina garante que os seus m\u00f3veis estejam sempre limpos, higienizados e protegidos contra desgaste precoce.<\/span><\/span><\/div> <\/div> <div class=\"ult-spacer spacer-69e7d4c57dd1a\" data-id=\"69e7d4c57dd1a\" data-height=\"40\" data-height-mobile=\"20\" data-height-tab=\"\" data-height-tab-portrait=\"\" data-height-mobile-landscape=\"\" style=\"clear:both;display:block;\"><\/div><div class=\"ult-content-box-container \" >\t\t<div class=\"ult-content-box\" style=\"background-image:url('https:\/\/service-c-m.com\/pt\/wp-content\/uploads\/2025\/01\/3-reasons-to-invest-in-professional-upholstery-cleaning-services-105af175-1024x683-1.jpeg');background-size: cover;background-repeat: repeat;background-position: center center;background-color: rgba(0, 0, 0, 0);box-shadow: px px px px none;border-style:solid;border-width:0px;border-radius:10px;border-color:#ffffff;min-height:400px;-webkit-transition: all 700ms ease;-moz-transition: all 700ms ease;-ms-transition: all 700ms ease;-o-transition: all 700ms ease;transition: all 700ms ease;\"  data-hover_box_shadow=\"none\"     data-border_color=\"#ffffff\" >\t\t<\/div><\/div><div class=\"ult-spacer spacer-69e7d4c57e06b\" data-id=\"69e7d4c57e06b\" data-height=\"40\" data-height-mobile=\"20\" data-height-tab=\"\" data-height-tab-portrait=\"\" data-height-mobile-landscape=\"\" style=\"clear:both;display:block;\"><\/div><div class=\"wpb_text_column \"><div class=\"wpb_wrapper\">\n<h2><strong><span style=\"font-family: Helvetica; font-size: 18pt;\"><span style=\"color: #009600;\"><span style=\"color: #000000;\">Porqu\u00ea escolher<\/span> a nossa empresa?<\/span><\/span><\/strong><\/h2>\n<p><span style=\"font-family: Helvetica; font-size: 12pt; color: #333333;\">* Experi\u00eancia em limpeza de estofados em Lisboa e arredores.<br \/>\n* Equipamentos de \u00faltima gera\u00e7\u00e3o e produtos hipoalerg\u00e9nicos.<br \/>\n* Atendimento ao domic\u00edlio r\u00e1pido e flex\u00edvel.<br \/>\n* Pre\u00e7os transparentes e or\u00e7amentos gratuitos.<\/span><\/p>\n<p><span style=\"font-family: Helvetica; font-size: 12pt; color: #333333;\">* Servi\u00e7o especializado em limpeza de sof\u00e1s em Lisboa, limpeza de colch\u00f5es em Cascais, limpeza de carpetes em Sintra e impermeabiliza\u00e7\u00e3o Stainshield em toda a regi\u00e3o de Lisboa.<br \/>\n* Garantimos um espa\u00e7o mais limpo, saud\u00e1vel e confort\u00e1vel para si e para a sua fam\u00edlia.<\/span><\/div> <\/div> <div class=\"ult-spacer spacer-69e7d4c57e256\" data-id=\"69e7d4c57e256\" data-height=\"40\" data-height-mobile=\"20\" data-height-tab=\"\" data-height-tab-portrait=\"\" data-height-mobile-landscape=\"\" style=\"clear:both;display:block;\"><\/div><div class=\"g-cols wpb_row offset_small vc_inner \"><div class=\" one-half\"><div class=\"wpb_text_column  vc_custom_1731493119193\"><div class=\"wpb_wrapper\"><div style=\"width: 1500px;\" class=\"wp-video\"><video class=\"wp-video-shortcode\" id=\"video-278-1\" width=\"1500\" height=\"844\" preload=\"metadata\" controls=\"controls\"><source type=\"video\/mp4\" src=\"https:\/\/service-c-m.com\/wp-content\/uploads\/2024\/11\/httpservice-c-m.com_.mp4?_=1\" \/><a href=\"https:\/\/service-c-m.com\/wp-content\/uploads\/2024\/11\/httpservice-c-m.com_.mp4\">https:\/\/service-c-m.com\/wp-content\/uploads\/2024\/11\/httpservice-c-m.com_.mp4<\/a><\/video><\/div><\/div> <\/div> <\/div><div class=\" one-half\"><\/div><\/div><\/div><\/div><\/div><\/section>\n","protected":false},"excerpt":{"rendered":"Limpeza de Estofados e Prote\u00e7\u00e3o Stainshield em Lisboa, Cascais e Sintra A limpeza de estofados em Lisboa \u00e9 um servi\u00e7o essencial para quem deseja manter sof\u00e1s, poltronas, cadeiras, colch\u00f5es e carpetes sempre limpos, higienizados e com um aspeto agrad\u00e1vel. Com o tempo, os tecidos acumulam p\u00f3, sujidade, \u00e1caros, manchas e odores dif\u00edceis de eliminar com...","protected":false},"author":1,"featured_media":0,"parent":0,"menu_order":0,"comment_status":"closed","ping_status":"closed","template":"","meta":{"footnotes":""},"class_list":["post-278","page","type-page","status-publish","hentry"],"_links":{"self":[{"href":"https:\/\/service-c-m.com\/pt\/wp-json\/wp\/v2\/pages\/278","targetHints":{"allow":["GET"]}}],"collection":[{"href":"https:\/\/service-c-m.com\/pt\/wp-json\/wp\/v2\/pages"}],"about":[{"href":"https:\/\/service-c-m.com\/pt\/wp-json\/wp\/v2\/types\/page"}],"author":[{"embeddable":true,"href":"https:\/\/service-c-m.com\/pt\/wp-json\/wp\/v2\/users\/1"}],"replies":[{"embeddable":true,"href":"https:\/\/service-c-m.com\/pt\/wp-json\/wp\/v2\/comments?post=278"}],"version-history":[{"count":11,"href":"https:\/\/service-c-m.com\/pt\/wp-json\/wp\/v2\/pages\/278\/revisions"}],"predecessor-version":[{"id":554,"href":"https:\/\/service-c-m.com\/pt\/wp-json\/wp\/v2\/pages\/278\/revisions\/554"}],"wp:attachment":[{"href":"https:\/\/service-c-m.com\/pt\/wp-json\/wp\/v2\/media?parent=278"}],"curies":[{"name":"wp","href":"https:\/\/api.w.org\/{rel}","templated":true}]}}