{"id":279,"date":"2024-11-12T13:50:31","date_gmt":"2024-11-12T10:50:31","guid":{"rendered":"https:\/\/service-c-m.com\/?page_id=279"},"modified":"2025-09-12T23:02:38","modified_gmt":"2025-09-12T20:02:38","slug":"blog-2","status":"publish","type":"page","link":"https:\/\/service-c-m.com\/pt\/blog-2\/","title":{"rendered":"BLOGUE 2"},"content":{"rendered":"<section class=\"l-section wpb_row height_medium\"><div class=\"l-section-h g-html i-cf\"><div class=\"g-cols offset_small\"><div class=\" full-width\"><div class=\"g-cols wpb_row offset_small vc_inner \"><div class=\" one-half\"><div class=\"wpb_text_column \"><div class=\"wpb_wrapper\">\n<h1><span style=\"font-family: Helvetica; font-size: 18pt;\"><strong><span style=\"color: #009600;\">Servi\u00e7os de Mudan\u00e7as<\/span> em Lisboa, Cascais, Sintra e Estoril<\/strong><\/span><\/h1>\n<p><span style=\"color: #333333;\"><span style=\"font-size: 12pt; font-family: Helvetica;\">Mudar de casa ou de escrit\u00f3rio pode parecer um processo complicado, mas com a Cleanhouse Service tudo fica simples, r\u00e1pido e seguro. Somos uma empresa de mudan\u00e7as em Lisboa e Cascais especializada em mudan\u00e7as residenciais e empresariais, oferecendo solu\u00e7\u00f5es completas: desde o embalamento de m\u00f3veis e eletrodom\u00e9sticos at\u00e9 ao transporte, descarga e montagem no destino.<br \/>\nA nossa equipa de profissionais de mudan\u00e7as em Lisboa trabalha com viaturas modernas e totalmente equipadas para garantir efici\u00eancia em qualquer escala de servi\u00e7o &#8212; desde mudan\u00e7as de apartamentos pequenos at\u00e9 mudan\u00e7as de escrit\u00f3rios completos.<\/span><\/span><\/div> <\/div> <\/div><div class=\" one-half\"><div class=\"ult-content-box-container \" >\t\t<div class=\"ult-content-box\" style=\"background-image:url('https:\/\/service-c-m.com\/pt\/wp-content\/uploads\/2025\/01\/road-transportation-1024x688-1.jpg');background-size: cover;background-repeat: repeat;background-position: center center;background-color: rgba(0, 0, 0, 0);box-shadow: px px px px none;border-style:solid;border-width:0px;border-radius:10px;border-color:#ffffff;min-height:400px;-webkit-transition: all 700ms ease;-moz-transition: all 700ms ease;-ms-transition: all 700ms ease;-o-transition: all 700ms ease;transition: all 700ms ease;\"  data-hover_box_shadow=\"none\"     data-border_color=\"#ffffff\" >\t\t<\/div><\/div><\/div><\/div><div class=\"ult-spacer spacer-69e7d2bb6a2f1\" data-id=\"69e7d2bb6a2f1\" data-height=\"60\" data-height-mobile=\"20\" data-height-tab=\"\" data-height-tab-portrait=\"\" data-height-mobile-landscape=\"\" style=\"clear:both;display:block;\"><\/div><div class=\"g-cols wpb_row offset_small vc_inner \"><div class=\" one-half\"><div class=\"ult-spacer spacer-69e7d2bb6a6b7\" data-id=\"69e7d2bb6a6b7\" data-height=\"10\" data-height-mobile=\"10\" data-height-tab=\"\" data-height-tab-portrait=\"\" data-height-mobile-landscape=\"\" style=\"clear:both;display:block;\"><\/div><div class=\"ult-content-box-container \" >\t\t<div class=\"ult-content-box\" style=\"background-image:url('https:\/\/service-c-m.com\/pt\/wp-content\/uploads\/2025\/09\/1.jpeg');background-size: cover;background-repeat: repeat;background-position: center center;background-color: rgba(0, 0, 0, 0);box-shadow: px px px px none;border-style:solid;border-width:0px;border-radius:10px;border-color:#ffffff;min-height:400px;-webkit-transition: all 700ms ease;-moz-transition: all 700ms ease;-ms-transition: all 700ms ease;-o-transition: all 700ms ease;transition: all 700ms ease;\"  data-hover_box_shadow=\"none\"     data-border_color=\"#ffffff\" ><div class=\"ult-spacer spacer-69e7d2bb6aa10\" data-id=\"69e7d2bb6aa10\" data-height=\"500\" data-height-mobile=\"400\" data-height-tab=\"\" data-height-tab-portrait=\"\" data-height-mobile-landscape=\"\" style=\"clear:both;display:block;\"><\/div>\t\t<\/div><\/div><\/div><div class=\" one-half\"><div class=\"wpb_text_column \"><div class=\"wpb_wrapper\">\n<h1><span style=\"font-family: Helvetica; font-size: 18pt;\"><strong><span style=\"color: #009600;\">Os nossos servi\u00e7os<\/span> de mudan\u00e7as<\/strong><\/span><\/h1>\n<p><span style=\"color: #333333;\"><span style=\"font-size: 12pt; font-family: Helvetica;\">1. Mudan\u00e7as residenciais em Lisboa e Cascais, transporte de m\u00f3veis, eletrodom\u00e9sticos e objetos pessoais com total seguran\u00e7a.<br \/>\n2. Mudan\u00e7as empresariais (escrit\u00f3rios), desmontagem, transporte e montagem de secret\u00e1rias, arquivos e equipamentos sem interromper o funcionamento da empresa.<br \/>\n3. Servi\u00e7o de embalamento profissional, caixas, pl\u00e1sticos de prote\u00e7\u00e3o e materiais adequados para garantir a integridade dos seus bens.<br \/>\n4. Transporte de m\u00f3veis pesados, sof\u00e1s, camas, roupeiros, mesas grandes e equipamentos especiais.<br \/>\n5. Desmontagem e montagem de m\u00f3veis &#8212; executada por t\u00e9cnicos especializados, incluindo m\u00f3veis IKEA, JYSK e outros fabricantes.<br \/>\n6. Carregadores profissionais (servi\u00e7o de estafetas) &#8212; ajuda com carga, descarga e movimenta\u00e7\u00e3o de objetos pesados em Lisboa, Cascais, Sintra e Estoril.<br \/>\n7. Mudan\u00e7as econ\u00f3micas e low cost &#8212; op\u00e7\u00f5es ajustadas ao seu or\u00e7amento, mantendo a qualidade e seguran\u00e7a.<br \/>\n8. Servi\u00e7os de mudan\u00e7as &#8212; cuidamos de todas as etapas, para que n\u00e3o tenha de se preocupar com nada.<\/span><\/span><\/div> <\/div> <\/div><\/div><div class=\"ult-spacer spacer-69e7d2bb6ad60\" data-id=\"69e7d2bb6ad60\" data-height=\"40\" data-height-mobile=\"20\" data-height-tab=\"\" data-height-tab-portrait=\"\" data-height-mobile-landscape=\"\" style=\"clear:both;display:block;\"><\/div><div class=\"wpb_text_column \"><div class=\"wpb_wrapper\"><span style=\"font-size: 18pt;\"><strong><span style=\"font-family: Helvetica;\"><span style=\"color: #333333;\">Vantagens<\/span> <span style=\"color: #009600;\"> da Cleanhouse Service<\/span><\/span><\/strong><\/span><\/p>\n<p><span style=\"font-family: Helvetica;\"><span style=\"font-size: 12pt; color: #333333;\">* Mudan\u00e7as r\u00e1pidas e seguras em Lisboa, Cascais, Sintra, Estoril e arredores.<br \/>\n* Equipamentos modernos e materiais de embalamento profissionais.<br \/>\n* Equipa de carregadores experientes para mudan\u00e7as em pr\u00e9dios com ou sem elevador.<br \/>\n* Or\u00e7amento transparente e pre\u00e7o justo &#8212; sem taxas escondidas.<br \/>\n* Flexibilidade de hor\u00e1rios, incluindo mudan\u00e7as urgentes quando necess\u00e1rio.<br \/>\n* Cobertura total na Grande Lisboa &#8212; atuamos tamb\u00e9m em Oeiras, Parede e outras localidades.<\/span><\/span><\/div> <\/div> <div class=\"ult-spacer spacer-69e7d2bb6ae9b\" data-id=\"69e7d2bb6ae9b\" data-height=\"40\" data-height-mobile=\"20\" data-height-tab=\"\" data-height-tab-portrait=\"\" data-height-mobile-landscape=\"\" style=\"clear:both;display:block;\"><\/div><div class=\"ult-content-box-container \" >\t\t<div class=\"ult-content-box\" style=\"background-image:url('https:\/\/service-c-m.com\/pt\/wp-content\/uploads\/2025\/09\/3-1024x683.png');background-size: contain;background-repeat: no-repeat;background-position: center center;background-color: rgba(0, 0, 0, 0);box-shadow: px px px px none;border-style:solid;border-width:0px;border-radius:10px;border-color:#ffffff;min-height:400px;-webkit-transition: all 700ms ease;-moz-transition: all 700ms ease;-ms-transition: all 700ms ease;-o-transition: all 700ms ease;transition: all 700ms ease;\"  data-hover_box_shadow=\"none\"     data-border_color=\"#ffffff\" >\t\t<\/div><\/div><div class=\"ult-spacer spacer-69e7d2bb6b222\" data-id=\"69e7d2bb6b222\" data-height=\"40\" data-height-mobile=\"20\" data-height-tab=\"\" data-height-tab-portrait=\"\" data-height-mobile-landscape=\"\" style=\"clear:both;display:block;\"><\/div><div class=\"wpb_text_column \"><div class=\"wpb_wrapper\">\n<h2><strong><span style=\"font-family: Helvetica; font-size: 18pt;\"><span style=\"color: #009600;\"><span style=\"color: #000000;\">Solicite j\u00e1 o<\/span> seu or\u00e7amento<\/span><\/span><\/strong><\/h2>\n<p><span style=\"font-family: Helvetica; font-size: 12pt; color: #333333;\">Na Cleanhouse Service oferecemos or\u00e7amentos gratuitos para mudan\u00e7as em Lisboa e Cascais. Pode contratar-nos para mudan\u00e7as completas ou apenas para servi\u00e7os espec\u00edficos como transporte de m\u00f3veis ou desmontagem e montagem de mobili\u00e1rio.<\/span><\/p>\n<p><span style=\"font-family: Helvetica; font-size: 12pt; color: #333333;\">Se procura uma empresa de mudan\u00e7as em Lisboa, especializada em mudan\u00e7as residenciais, mudan\u00e7as de escrit\u00f3rio e transporte de m\u00f3veis, entre em contacto connosco. Garantimos que a sua mudan\u00e7a ser\u00e1 feita de forma r\u00e1pida, econ\u00f3mica e sem preocupa\u00e7\u00f5es.<\/span><\/div> <\/div> <div class=\"ult-spacer spacer-69e7d2bb6b365\" data-id=\"69e7d2bb6b365\" data-height=\"40\" data-height-mobile=\"20\" data-height-tab=\"\" data-height-tab-portrait=\"\" data-height-mobile-landscape=\"\" style=\"clear:both;display:block;\"><\/div><\/div><\/div><\/div><\/section>\n","protected":false},"excerpt":{"rendered":"Servi\u00e7os de Mudan\u00e7as em Lisboa, Cascais, Sintra e Estoril Mudar de casa ou de escrit\u00f3rio pode parecer um processo complicado, mas com a Cleanhouse Service tudo fica simples, r\u00e1pido e seguro. Somos uma empresa de mudan\u00e7as em Lisboa e Cascais especializada em mudan\u00e7as residenciais e empresariais, oferecendo solu\u00e7\u00f5es completas: desde o embalamento de m\u00f3veis e...","protected":false},"author":1,"featured_media":0,"parent":0,"menu_order":0,"comment_status":"closed","ping_status":"closed","template":"","meta":{"footnotes":""},"class_list":["post-279","page","type-page","status-publish","hentry"],"_links":{"self":[{"href":"https:\/\/service-c-m.com\/pt\/wp-json\/wp\/v2\/pages\/279","targetHints":{"allow":["GET"]}}],"collection":[{"href":"https:\/\/service-c-m.com\/pt\/wp-json\/wp\/v2\/pages"}],"about":[{"href":"https:\/\/service-c-m.com\/pt\/wp-json\/wp\/v2\/types\/page"}],"author":[{"embeddable":true,"href":"https:\/\/service-c-m.com\/pt\/wp-json\/wp\/v2\/users\/1"}],"replies":[{"embeddable":true,"href":"https:\/\/service-c-m.com\/pt\/wp-json\/wp\/v2\/comments?post=279"}],"version-history":[{"count":10,"href":"https:\/\/service-c-m.com\/pt\/wp-json\/wp\/v2\/pages\/279\/revisions"}],"predecessor-version":[{"id":557,"href":"https:\/\/service-c-m.com\/pt\/wp-json\/wp\/v2\/pages\/279\/revisions\/557"}],"wp:attachment":[{"href":"https:\/\/service-c-m.com\/pt\/wp-json\/wp\/v2\/media?parent=279"}],"curies":[{"name":"wp","href":"https:\/\/api.w.org\/{rel}","templated":true}]}}