{"id":280,"date":"2024-11-12T13:50:34","date_gmt":"2024-11-12T10:50:34","guid":{"rendered":"https:\/\/service-c-m.com\/?page_id=280"},"modified":"2025-09-12T23:22:35","modified_gmt":"2025-09-12T20:22:35","slug":"blog-3","status":"publish","type":"page","link":"https:\/\/service-c-m.com\/pt\/blog-3\/","title":{"rendered":"BLOGUE 3"},"content":{"rendered":"<section class=\"l-section wpb_row height_medium\"><div class=\"l-section-h g-html i-cf\"><div class=\"g-cols offset_small\"><div class=\" full-width\"><div class=\"g-cols wpb_row offset_small vc_inner \"><div class=\" one-half\"><div class=\"wpb_text_column \"><div class=\"wpb_wrapper\">\n<h1><span style=\"font-family: Helvetica; font-size: 18pt;\"><strong><span style=\"color: #009600;\">Servi\u00e7os de Repara\u00e7\u00f5es Dom\u00e9sticas<\/span> em Lisboa e Cascais: solu\u00e7\u00e3o moderna e pr\u00e1tica para a sua casa<\/strong><\/span><\/h1>\n<p><span style=\"color: #333333;\"><span style=\"font-size: 12pt; font-family: Helvetica;\">No ritmo acelerado da vida moderna, encontrar tempo para pequenos reparos em casa pode ser um grande desafio. Uma torneira que pinga, tomadas avariadas, montagem de m\u00f3veis IKEA ou at\u00e9 a pintura de paredes s\u00e3o tarefas que exigem tempo, ferramentas adequadas e experi\u00eancia. \u00c9 aqui que entram os servi\u00e7os de marido de aluguer (faz-tudo) em Lisboa, Cascais, Sintra, Estoril e Parede, garantindo qualidade, rapidez e seguran\u00e7a em cada repara\u00e7\u00e3o.<\/span><\/span><\/div> <\/div> <\/div><div class=\" one-half\"><div class=\"ult-content-box-container \" >\t\t<div class=\"ult-content-box\" style=\"background-image:url('https:\/\/service-c-m.com\/pt\/wp-content\/uploads\/2025\/01\/1532511399038-1024x546-1.jpg');background-size: cover;background-repeat: repeat;background-position: center center;background-color: rgba(0, 0, 0, 0);box-shadow: px px px px none;border-style:solid;border-width:0px;border-radius:10px;border-color:#ffffff;min-height:400px;-webkit-transition: all 700ms ease;-moz-transition: all 700ms ease;-ms-transition: all 700ms ease;-o-transition: all 700ms ease;transition: all 700ms ease;\"  data-hover_box_shadow=\"none\"     data-border_color=\"#ffffff\" >\t\t<\/div><\/div><\/div><\/div><div class=\"ult-spacer spacer-69e7e6ee2b9f4\" data-id=\"69e7e6ee2b9f4\" data-height=\"60\" data-height-mobile=\"20\" data-height-tab=\"\" data-height-tab-portrait=\"\" data-height-mobile-landscape=\"\" style=\"clear:both;display:block;\"><\/div><div class=\"g-cols wpb_row offset_small vc_inner \"><div class=\" one-half\"><div class=\"ult-spacer spacer-69e7e6ee2bdeb\" data-id=\"69e7e6ee2bdeb\" data-height=\"10\" data-height-mobile=\"10\" data-height-tab=\"\" data-height-tab-portrait=\"\" data-height-mobile-landscape=\"\" style=\"clear:both;display:block;\"><\/div><div class=\"ult-content-box-container \" >\t\t<div class=\"ult-content-box\" style=\"background-image:url('https:\/\/service-c-m.com\/pt\/wp-content\/uploads\/2025\/01\/how-to-start-a-handy-man-business-scaled-1-1024x512-1.jpg');background-size: cover;background-repeat: repeat;background-position: center center;background-color: rgba(0, 0, 0, 0);box-shadow: px px px px none;border-style:solid;border-width:0px;border-radius:10px;border-color:#ffffff;min-height:400px;-webkit-transition: all 700ms ease;-moz-transition: all 700ms ease;-ms-transition: all 700ms ease;-o-transition: all 700ms ease;transition: all 700ms ease;\"  data-hover_box_shadow=\"none\"     data-border_color=\"#ffffff\" ><div class=\"ult-spacer spacer-69e7e6ee2c1af\" data-id=\"69e7e6ee2c1af\" data-height=\"500\" data-height-mobile=\"400\" data-height-tab=\"\" data-height-tab-portrait=\"\" data-height-mobile-landscape=\"\" style=\"clear:both;display:block;\"><\/div>\t\t<\/div><\/div><\/div><div class=\" one-half\"><div class=\"wpb_text_column \"><div class=\"wpb_wrapper\">\n<h1><span style=\"font-family: Helvetica; font-size: 18pt;\"><strong><span style=\"color: #009600;\">Por que contratar<\/span> um marido de aluguer em Lisboa?<\/strong><\/span><\/h1>\n<p><span style=\"color: #333333;\"><span style=\"font-size: 12pt; font-family: Helvetica;\">* Montagem de m\u00f3veis Lisboa &#8212; montagem e desmontagem de arm\u00e1rios, camas, secret\u00e1rias, cozinhas, m\u00f3veis IKEA e Conforama com rapidez e precis\u00e3o.<br \/>\n* Servi\u00e7os de canaliza\u00e7\u00e3o &#8212; canalizador Lisboa para instala\u00e7\u00e3o e repara\u00e7\u00e3o de torneiras, autoclismos, desentupimento de canos, repara\u00e7\u00e3o de fugas de \u00e1gua.<br \/>\n* Servi\u00e7os el\u00e9tricos &#8212; eletricista Lisboa certificado para instala\u00e7\u00e3o de tomadas, interruptores, candeeiros, LED.<br \/>\n* Pequenos trabalhos dom\u00e9sticos &#8212; pendurar prateleiras, colocar var\u00f5es de cortinas, reparar fechaduras e portas, instalar eletrodom\u00e9sticos (m\u00e1quinas de lavar, esquentadores).<br \/>\n* Pinturas e acabamentos &#8212; pintura de paredes e tetos, pequenas obras de estuque, retoques de humidade.<\/span><\/span><\/div> <\/div> <\/div><\/div><div class=\"ult-spacer spacer-69e7e6ee2c520\" data-id=\"69e7e6ee2c520\" data-height=\"40\" data-height-mobile=\"20\" data-height-tab=\"\" data-height-tab-portrait=\"\" data-height-mobile-landscape=\"\" style=\"clear:both;display:block;\"><\/div><div class=\"wpb_text_column \"><div class=\"wpb_wrapper\"><span style=\"font-size: 18pt;\"><strong><span style=\"font-family: Helvetica;\"><span style=\"color: #333333;\">Vantagens dos nossos<\/span> <span style=\"color: #009600;\"> servi\u00e7os<\/span><\/span><\/strong><\/span><\/p>\n<p><span style=\"font-family: Helvetica;\"><span style=\"font-size: 12pt; color: #333333;\">* Economia de tempo e energia: cuidamos das tarefas para que possa dedicar-se ao que \u00e9 mais importante.<br \/>\n* Profissionais experientes com ferramentas adequadas e materiais de qualidade.<br \/>\n* Flexibilidade: atendimento durante a semana e tamb\u00e9m em hor\u00e1rios urgentes.<br \/>\n* Or\u00e7amento gr\u00e1tis e transparente &#8212; sem custos escondidos, sempre com pre\u00e7os justos.<br \/>\n* Atendemos tanto clientes particulares como empresas, oferecendo tamb\u00e9m manuten\u00e7\u00e3o predial em Lisboa.<\/span><\/span><\/p>\n<p><span style=\"font-size: 18pt;\"><strong><span style=\"font-family: Helvetica;\"><span style=\"color: #333333;\">Por que escolher a<\/span> <span style=\"color: #009600;\"> CLEANHOUSE SERVICE?<\/span><\/span><\/strong><\/span><\/p>\n<p><span style=\"font-family: Helvetica;\"><span style=\"font-size: 12pt; color: #333333;\">* Trabalhamos em Lisboa, Cascais, Sintra, Estoril, Parede e arredores.<br \/>\n* Garantimos repara\u00e7\u00f5es dom\u00e9sticas com qualidade e seguran\u00e7a.<br \/>\n* Profissionais certificados e de confian\u00e7a.<br \/>\n* Atendimento r\u00e1pido e personalizado.<br \/>\n* Consultoria gratuita e or\u00e7amento imediato para cada tipo de servi\u00e7o.<\/span><\/span><br \/>\n<\/div> <\/div> <div class=\"ult-spacer spacer-69e7e6ee2c68c\" data-id=\"69e7e6ee2c68c\" data-height=\"40\" data-height-mobile=\"20\" data-height-tab=\"\" data-height-tab-portrait=\"\" data-height-mobile-landscape=\"\" style=\"clear:both;display:block;\"><\/div><div class=\"ult-content-box-container \" >\t\t<div class=\"ult-content-box\" style=\"background-image:url('https:\/\/service-c-m.com\/pt\/wp-content\/uploads\/2025\/01\/image-283-1024x675-1.png');background-size: cover;background-repeat: repeat;background-position: center center;background-color: rgba(0, 0, 0, 0);box-shadow: px px px px none;border-style:solid;border-width:0px;border-radius:10px;border-color:#ffffff;min-height:400px;-webkit-transition: all 700ms ease;-moz-transition: all 700ms ease;-ms-transition: all 700ms ease;-o-transition: all 700ms ease;transition: all 700ms ease;\"  data-hover_box_shadow=\"none\"     data-border_color=\"#ffffff\" >\t\t<\/div><\/div><div class=\"ult-spacer spacer-69e7e6ee2c98b\" data-id=\"69e7e6ee2c98b\" data-height=\"40\" data-height-mobile=\"20\" data-height-tab=\"\" data-height-tab-portrait=\"\" data-height-mobile-landscape=\"\" style=\"clear:both;display:block;\"><\/div><div class=\"wpb_text_column \"><div class=\"wpb_wrapper\"><span style=\"font-family: Helvetica; font-size: 12pt; color: #333333;\">Com a <strong>CLEANHOUSE SERVICE<\/strong>, o seu lar fica em boas m\u00e3os. Quer precise de um faz-tudo em Lisboa, de um canalizador urgente ou de um eletricista certificado, n\u00f3s asseguramos um servi\u00e7o fi\u00e1vel, eficiente e adaptado \u00e0s suas necessidades.<\/span><\/div> <\/div> <div class=\"ult-spacer spacer-69e7e6ee2cad1\" data-id=\"69e7e6ee2cad1\" data-height=\"40\" data-height-mobile=\"20\" data-height-tab=\"\" data-height-tab-portrait=\"\" data-height-mobile-landscape=\"\" style=\"clear:both;display:block;\"><\/div><\/div><\/div><\/div><\/section>\n","protected":false},"excerpt":{"rendered":"Servi\u00e7os de Repara\u00e7\u00f5es Dom\u00e9sticas em Lisboa e Cascais: solu\u00e7\u00e3o moderna e pr\u00e1tica para a sua casa No ritmo acelerado da vida moderna, encontrar tempo para pequenos reparos em casa pode ser um grande desafio. Uma torneira que pinga, tomadas avariadas, montagem de m\u00f3veis IKEA ou at\u00e9 a pintura de paredes s\u00e3o tarefas que exigem tempo,...","protected":false},"author":1,"featured_media":0,"parent":0,"menu_order":0,"comment_status":"closed","ping_status":"closed","template":"","meta":{"footnotes":""},"class_list":["post-280","page","type-page","status-publish","hentry"],"_links":{"self":[{"href":"https:\/\/service-c-m.com\/pt\/wp-json\/wp\/v2\/pages\/280","targetHints":{"allow":["GET"]}}],"collection":[{"href":"https:\/\/service-c-m.com\/pt\/wp-json\/wp\/v2\/pages"}],"about":[{"href":"https:\/\/service-c-m.com\/pt\/wp-json\/wp\/v2\/types\/page"}],"author":[{"embeddable":true,"href":"https:\/\/service-c-m.com\/pt\/wp-json\/wp\/v2\/users\/1"}],"replies":[{"embeddable":true,"href":"https:\/\/service-c-m.com\/pt\/wp-json\/wp\/v2\/comments?post=280"}],"version-history":[{"count":10,"href":"https:\/\/service-c-m.com\/pt\/wp-json\/wp\/v2\/pages\/280\/revisions"}],"predecessor-version":[{"id":560,"href":"https:\/\/service-c-m.com\/pt\/wp-json\/wp\/v2\/pages\/280\/revisions\/560"}],"wp:attachment":[{"href":"https:\/\/service-c-m.com\/pt\/wp-json\/wp\/v2\/media?parent=280"}],"curies":[{"name":"wp","href":"https:\/\/api.w.org\/{rel}","templated":true}]}}